{"id":870,"date":"2025-04-09T14:53:13","date_gmt":"2025-04-09T12:53:13","guid":{"rendered":"https:\/\/www.iyu.plus\/?page_id=870"},"modified":"2025-07-30T12:47:46","modified_gmt":"2025-07-30T10:47:46","slug":"rgpd","status":"publish","type":"page","link":"https:\/\/www.iyu.plus\/en\/rgpd\/","title":{"rendered":"Protection of personal data (RGPD)"},"content":{"rendered":"<p><em>This privacy statement was updated on 30 July 2025 and applies to citizens and legal permanent residents of the European Economic Area and Switzerland.<\/em><br><\/p>\n\n\n\n<p>In this privacy statement, we explain what we do with the data we obtain about you via&nbsp;<a href=\"https:\/\/www.iyu.plus\/en\/\">https:\/\/www.iyu.plus<\/a>. We recommend that you read this statement carefully. When we process your personal data, we comply with the requirements of privacy legislation. This means, among other things, that :<\/p>\n\n\n\n<ul class=\"wp-block-list\">\n<li>we clearly indicate the purposes for which we process personal data. We do this in this privacy statement;<\/li>\n\n\n\n<li>we aim to limit our collection of personal data to that which is necessary for legitimate purposes;<\/li>\n\n\n\n<li>we first ask for your explicit consent to process your personal data in cases where your consent is required;<\/li>\n\n\n\n<li>we take appropriate security measures to protect your personal data, and we require the same of parties processing personal data on our behalf;<\/li>\n\n\n\n<li>we respect your right to consult, correct or delete your personal data if you so request.<\/li>\n<\/ul>\n\n\n\n<p>If you have any questions or would like to know exactly what data we hold, please contact us.<\/p>\n\n\n\n<h2 class=\"wp-block-heading\">1. Purpose, data and retention period<\/h2>\n\n\n\n<p>We may collect or receive personal information for a number of reasons related to our business activities, including the following: (click to unfold)<\/p>\n\n\n\n<!-- Legal document generated by Complianz | GDPR\/CCPA Cookie Consent https:\/\/wordpress.org\/plugins\/complianz-gdpr -->\n<div id=\"cmplz-document\" class=\"cmplz-document privacy-statement cmplz-document-eu\"><h2>1. Purpose, data and retention period<\/h2>We may collect or receive personal information for a number of purposes connected with our business operations which may include the following: (click to expand)<details class=\"cmplz-dropdown dropdown-privacy-statement\"><summary><div><h3>1.1 Contact - Through phone, mail, email and\/or webforms<\/h3><\/div><\/summary><p class=\"cmplz-subtitle\">For this purpose we use the following data:<\/p><p><ul><li>A first and last name<\/li><li>Account name or alias<\/li><li>An email address<\/li><li>A telephone number<\/li><\/ul><\/p><p class=\"cmplz-subtitle\">The basis on which we may process these data is:<\/p><p><a target=\"_blank\" rel=\"noopener noreferrer nofollow\" href=\"https:\/\/cookiedatabase.org\/legal-bases\/#consent\">Upon the provision of consent.<\/a><\/p><p class=\"cmplz-subtitle\">Retention period<\/p><p>We retain this data until the service is terminated.<\/p><\/details><\/div>\n\n\n\n<p><a href=\"https:\/\/cookiedatabase.org\/legal-bases\/#consent\" target=\"_blank\" rel=\"noreferrer noopener\"><\/a><\/p>\n\n\n\n<h2 class=\"wp-block-heading\">2. Cookies<\/h2>\n\n\n\n<p>Our website uses cookies. For more information on cookies, please refer to our&nbsp;<a href=\"https:\/\/www.iyu.plus\/en\/cookies\/\">Cookie policy<\/a>.&nbsp;<\/p>\n\n\n\n<h2 class=\"wp-block-heading\">3. Disclosure practices<\/h2>\n\n\n\n<p>We disclose personal information if we are required to do so by law or court order, in response to a law enforcement agency, as otherwise permitted by law, to provide information, or to investigate a matter relating to public safety.<\/p>\n\n\n\n<p>If our website or organisation is taken over, sold or involved in a merger or acquisition, your data may be disclosed to our advisers and any potential buyer and will be passed on to the new owners.<\/p>\n\n\n\n<h2 class=\"wp-block-heading\">4. Security<\/h2>\n\n\n\n<p>We are committed to the security of personal data. We take appropriate security measures to limit misuse and unauthorised access to personal data. This ensures that only the necessary people have access to your data, that access to data is protected and that our security measures are regularly reviewed.<\/p>\n\n\n\n<h2 class=\"wp-block-heading\">5. Third party websites<\/h2>\n\n\n\n<p>This privacy statement does not apply to third party websites linked to our website. We cannot guarantee that these third parties manage your personal data in a reliable or secure manner. We recommend that you read the privacy statements of these websites before using them.<\/p>\n\n\n\n<h2 class=\"wp-block-heading\">6. Changes to this privacy statement<\/h2>\n\n\n\n<p>We reserve the right to amend this privacy statement. We recommend that you consult this privacy statement regularly in order to take note of any changes. We will also keep you actively informed wherever possible.<\/p>\n\n\n\n<h2 class=\"wp-block-heading\">7. Access and modify your data<\/h2>\n\n\n\n<p>If you have any questions or would like to know what personal data we hold about you, please <a href=\"https:\/\/monexpertrgpd.com\/exercice-des-droits\/?client=hero\">complete the following form<\/a>. You can contact us using the details below. You have the following rights:<\/p>\n\n\n\n<ul class=\"wp-block-list\">\n<li>You have the right to know why your personal data is needed, what will happen to it and how long it will be kept.<\/li>\n\n\n\n<li>Right of access: you have the right to access your personal data known to us.<\/li>\n\n\n\n<li>Right of rectification: you have the right at any time to add to, correct, delete or block your personal data.<\/li>\n\n\n\n<li>If you give us your consent to process your data, you have the right to revoke that consent and have your personal data deleted.<\/li>\n\n\n\n<li>Right to transfer your data: you have the right to request all your personal data from the data controller and to transfer it in its entirety to another data controller.<\/li>\n\n\n\n<li>Right to object: you may object to the processing of your data. We will comply, unless there are grounds for doing so.<\/li>\n<\/ul>\n\n\n\n<p>Make sure you always indicate clearly who you are, so that we can be sure that we are not modifying or deleting the data of the wrong person.<\/p>\n\n\n\n<h2 class=\"wp-block-heading\">8. Making a complaint<\/h2>\n\n\n\n<p>If you are not satisfied with the way we handle (a complaint about) the processing of your personal data, you have the right to lodge a complaint with the data protection authority.<\/p>\n\n\n\n<h2 class=\"wp-block-heading\">9. Contact details<\/h2>\n\n\n\n<p>IYU Europe<br>7 Rue Debelleyme, 75 003 Paris<br><br>France<br>Website :&nbsp;<a href=\"https:\/\/www.iyu.plus\/en\/\">https:\/\/www.iyu.plus<\/a><br>E-mail&nbsp;:&nbsp;support@iyu.plus<\/p>","protected":false},"excerpt":{"rendered":"<p>Cette d\u00e9claration de confidentialit\u00e9 a \u00e9t\u00e9 mise \u00e0 jour le 30 juillet 2025 et s\u2019applique aux citoyens et aux r\u00e9sidents permanents l\u00e9gaux de l\u2019Espace \u00e9conomique europ\u00e9en et de la Suisse. Dans cette d\u00e9claration de confidentialit\u00e9, nous expliquons ce que nous faisons avec les donn\u00e9es que nous obtenons \u00e0 votre sujet via&nbsp;https:\/\/www.iyu.plus. Nous vous recommandons de [&hellip;]<\/p>\n","protected":false},"author":1,"featured_media":55,"parent":0,"menu_order":0,"comment_status":"closed","ping_status":"closed","template":"","meta":{"footnotes":""},"class_list":["post-870","page","type-page","status-publish","has-post-thumbnail","hentry"],"yoast_head":"<!-- This site is optimized with the Yoast SEO plugin v27.4 - https:\/\/yoast.com\/product\/yoast-seo-wordpress\/ -->\n<title>Protection des donn\u00e9es personnelles (RGPD) - IYU<\/title>\n<meta name=\"robots\" content=\"index, follow, max-snippet:-1, max-image-preview:large, max-video-preview:-1\" \/>\n<link rel=\"canonical\" href=\"https:\/\/www.iyu.plus\/en\/rgpd\/\" \/>\n<meta property=\"og:locale\" content=\"en_GB\" \/>\n<meta property=\"og:type\" content=\"article\" \/>\n<meta property=\"og:title\" content=\"Protection des donn\u00e9es personnelles (RGPD) - IYU\" \/>\n<meta property=\"og:description\" content=\"Cette d\u00e9claration de confidentialit\u00e9 a \u00e9t\u00e9 mise \u00e0 jour le 30 juillet 2025 et s\u2019applique aux citoyens et aux r\u00e9sidents permanents l\u00e9gaux de l\u2019Espace \u00e9conomique europ\u00e9en et de la Suisse. Dans cette d\u00e9claration de confidentialit\u00e9, nous expliquons ce que nous faisons avec les donn\u00e9es que nous obtenons \u00e0 votre sujet via&nbsp;https:\/\/www.iyu.plus. Nous vous recommandons de [&hellip;]\" \/>\n<meta property=\"og:url\" content=\"https:\/\/www.iyu.plus\/en\/rgpd\/\" \/>\n<meta property=\"og:site_name\" content=\"IYU\" \/>\n<meta property=\"article:modified_time\" content=\"2025-07-30T10:47:46+00:00\" \/>\n<meta property=\"og:image\" content=\"https:\/\/www.iyu.plus\/wp-content\/uploads\/2025\/03\/IYU-Banques-partenaires.jpg\" \/>\n\t<meta property=\"og:image:width\" content=\"434\" \/>\n\t<meta property=\"og:image:height\" content=\"369\" \/>\n\t<meta property=\"og:image:type\" content=\"image\/jpeg\" \/>\n<meta name=\"twitter:card\" content=\"summary_large_image\" \/>\n<meta name=\"twitter:label1\" content=\"Estimated reading time\" \/>\n\t<meta name=\"twitter:data1\" content=\"5 minutes\" \/>\n<script type=\"application\/ld+json\" class=\"yoast-schema-graph\">{\"@context\":\"https:\\\/\\\/schema.org\",\"@graph\":[{\"@type\":\"WebPage\",\"@id\":\"https:\\\/\\\/www.iyu.plus\\\/rgpd\\\/\",\"url\":\"https:\\\/\\\/www.iyu.plus\\\/rgpd\\\/\",\"name\":\"Protection des donn\u00e9es personnelles (RGPD) - IYU\",\"isPartOf\":{\"@id\":\"https:\\\/\\\/www.iyu.plus\\\/#website\"},\"primaryImageOfPage\":{\"@id\":\"https:\\\/\\\/www.iyu.plus\\\/rgpd\\\/#primaryimage\"},\"image\":{\"@id\":\"https:\\\/\\\/www.iyu.plus\\\/rgpd\\\/#primaryimage\"},\"thumbnailUrl\":\"https:\\\/\\\/www.iyu.plus\\\/wp-content\\\/uploads\\\/2025\\\/03\\\/IYU-Banques-partenaires.jpg\",\"datePublished\":\"2025-04-09T12:53:13+00:00\",\"dateModified\":\"2025-07-30T10:47:46+00:00\",\"breadcrumb\":{\"@id\":\"https:\\\/\\\/www.iyu.plus\\\/rgpd\\\/#breadcrumb\"},\"inLanguage\":\"en-GB\",\"potentialAction\":[{\"@type\":\"ReadAction\",\"target\":[\"https:\\\/\\\/www.iyu.plus\\\/rgpd\\\/\"]}]},{\"@type\":\"ImageObject\",\"inLanguage\":\"en-GB\",\"@id\":\"https:\\\/\\\/www.iyu.plus\\\/rgpd\\\/#primaryimage\",\"url\":\"https:\\\/\\\/www.iyu.plus\\\/wp-content\\\/uploads\\\/2025\\\/03\\\/IYU-Banques-partenaires.jpg\",\"contentUrl\":\"https:\\\/\\\/www.iyu.plus\\\/wp-content\\\/uploads\\\/2025\\\/03\\\/IYU-Banques-partenaires.jpg\",\"width\":434,\"height\":369},{\"@type\":\"BreadcrumbList\",\"@id\":\"https:\\\/\\\/www.iyu.plus\\\/rgpd\\\/#breadcrumb\",\"itemListElement\":[{\"@type\":\"ListItem\",\"position\":1,\"name\":\"Accueil\",\"item\":\"https:\\\/\\\/www.iyu.plus\\\/\"},{\"@type\":\"ListItem\",\"position\":2,\"name\":\"Protection des donn\u00e9es personnelles (RGPD)\"}]},{\"@type\":\"WebSite\",\"@id\":\"https:\\\/\\\/www.iyu.plus\\\/#website\",\"url\":\"https:\\\/\\\/www.iyu.plus\\\/\",\"name\":\"IYU\",\"description\":\"Le lien financier avec votre pays d\u2019attache\",\"publisher\":{\"@id\":\"https:\\\/\\\/www.iyu.plus\\\/#organization\"},\"potentialAction\":[{\"@type\":\"SearchAction\",\"target\":{\"@type\":\"EntryPoint\",\"urlTemplate\":\"https:\\\/\\\/www.iyu.plus\\\/?s={search_term_string}\"},\"query-input\":{\"@type\":\"PropertyValueSpecification\",\"valueRequired\":true,\"valueName\":\"search_term_string\"}}],\"inLanguage\":\"en-GB\"},{\"@type\":\"Organization\",\"@id\":\"https:\\\/\\\/www.iyu.plus\\\/#organization\",\"name\":\"IYU\",\"url\":\"https:\\\/\\\/www.iyu.plus\\\/\",\"logo\":{\"@type\":\"ImageObject\",\"inLanguage\":\"en-GB\",\"@id\":\"https:\\\/\\\/www.iyu.plus\\\/#\\\/schema\\\/logo\\\/image\\\/\",\"url\":\"https:\\\/\\\/www.iyu.plus\\\/wp-content\\\/uploads\\\/2023\\\/01\\\/IYU-logo-couleur.svg\",\"contentUrl\":\"https:\\\/\\\/www.iyu.plus\\\/wp-content\\\/uploads\\\/2023\\\/01\\\/IYU-logo-couleur.svg\",\"width\":113,\"height\":59,\"caption\":\"IYU\"},\"image\":{\"@id\":\"https:\\\/\\\/www.iyu.plus\\\/#\\\/schema\\\/logo\\\/image\\\/\"}}]}<\/script>\n<!-- \/ Yoast SEO plugin. -->","yoast_head_json":{"title":"Protection of personal data (RGPD) - IYU","robots":{"index":"index","follow":"follow","max-snippet":"max-snippet:-1","max-image-preview":"max-image-preview:large","max-video-preview":"max-video-preview:-1"},"canonical":"https:\/\/www.iyu.plus\/en\/rgpd\/","og_locale":"en_GB","og_type":"article","og_title":"Protection des donn\u00e9es personnelles (RGPD) - IYU","og_description":"Cette d\u00e9claration de confidentialit\u00e9 a \u00e9t\u00e9 mise \u00e0 jour le 30 juillet 2025 et s\u2019applique aux citoyens et aux r\u00e9sidents permanents l\u00e9gaux de l\u2019Espace \u00e9conomique europ\u00e9en et de la Suisse. Dans cette d\u00e9claration de confidentialit\u00e9, nous expliquons ce que nous faisons avec les donn\u00e9es que nous obtenons \u00e0 votre sujet via&nbsp;https:\/\/www.iyu.plus. Nous vous recommandons de [&hellip;]","og_url":"https:\/\/www.iyu.plus\/en\/rgpd\/","og_site_name":"IYU","article_modified_time":"2025-07-30T10:47:46+00:00","og_image":[{"width":434,"height":369,"url":"https:\/\/www.iyu.plus\/wp-content\/uploads\/2025\/03\/IYU-Banques-partenaires.jpg","type":"image\/jpeg"}],"twitter_card":"summary_large_image","twitter_misc":{"Estimated reading time":"5 minutes"},"schema":{"@context":"https:\/\/schema.org","@graph":[{"@type":"WebPage","@id":"https:\/\/www.iyu.plus\/rgpd\/","url":"https:\/\/www.iyu.plus\/rgpd\/","name":"Protection of personal data (RGPD) - IYU","isPartOf":{"@id":"https:\/\/www.iyu.plus\/#website"},"primaryImageOfPage":{"@id":"https:\/\/www.iyu.plus\/rgpd\/#primaryimage"},"image":{"@id":"https:\/\/www.iyu.plus\/rgpd\/#primaryimage"},"thumbnailUrl":"https:\/\/www.iyu.plus\/wp-content\/uploads\/2025\/03\/IYU-Banques-partenaires.jpg","datePublished":"2025-04-09T12:53:13+00:00","dateModified":"2025-07-30T10:47:46+00:00","breadcrumb":{"@id":"https:\/\/www.iyu.plus\/rgpd\/#breadcrumb"},"inLanguage":"en-GB","potentialAction":[{"@type":"ReadAction","target":["https:\/\/www.iyu.plus\/rgpd\/"]}]},{"@type":"ImageObject","inLanguage":"en-GB","@id":"https:\/\/www.iyu.plus\/rgpd\/#primaryimage","url":"https:\/\/www.iyu.plus\/wp-content\/uploads\/2025\/03\/IYU-Banques-partenaires.jpg","contentUrl":"https:\/\/www.iyu.plus\/wp-content\/uploads\/2025\/03\/IYU-Banques-partenaires.jpg","width":434,"height":369},{"@type":"BreadcrumbList","@id":"https:\/\/www.iyu.plus\/rgpd\/#breadcrumb","itemListElement":[{"@type":"ListItem","position":1,"name":"Accueil","item":"https:\/\/www.iyu.plus\/"},{"@type":"ListItem","position":2,"name":"Protection des donn\u00e9es personnelles (RGPD)"}]},{"@type":"WebSite","@id":"https:\/\/www.iyu.plus\/#website","url":"https:\/\/www.iyu.plus\/","name":"IYU","description":"The financial link with your home country","publisher":{"@id":"https:\/\/www.iyu.plus\/#organization"},"potentialAction":[{"@type":"SearchAction","target":{"@type":"EntryPoint","urlTemplate":"https:\/\/www.iyu.plus\/?s={search_term_string}"},"query-input":{"@type":"PropertyValueSpecification","valueRequired":true,"valueName":"search_term_string"}}],"inLanguage":"en-GB"},{"@type":"Organization","@id":"https:\/\/www.iyu.plus\/#organization","name":"IYU","url":"https:\/\/www.iyu.plus\/","logo":{"@type":"ImageObject","inLanguage":"en-GB","@id":"https:\/\/www.iyu.plus\/#\/schema\/logo\/image\/","url":"https:\/\/www.iyu.plus\/wp-content\/uploads\/2023\/01\/IYU-logo-couleur.svg","contentUrl":"https:\/\/www.iyu.plus\/wp-content\/uploads\/2023\/01\/IYU-logo-couleur.svg","width":113,"height":59,"caption":"IYU"},"image":{"@id":"https:\/\/www.iyu.plus\/#\/schema\/logo\/image\/"}}]}},"_links":{"self":[{"href":"https:\/\/www.iyu.plus\/en\/wp-json\/wp\/v2\/pages\/870","targetHints":{"allow":["GET"]}}],"collection":[{"href":"https:\/\/www.iyu.plus\/en\/wp-json\/wp\/v2\/pages"}],"about":[{"href":"https:\/\/www.iyu.plus\/en\/wp-json\/wp\/v2\/types\/page"}],"author":[{"embeddable":true,"href":"https:\/\/www.iyu.plus\/en\/wp-json\/wp\/v2\/users\/1"}],"replies":[{"embeddable":true,"href":"https:\/\/www.iyu.plus\/en\/wp-json\/wp\/v2\/comments?post=870"}],"version-history":[{"count":0,"href":"https:\/\/www.iyu.plus\/en\/wp-json\/wp\/v2\/pages\/870\/revisions"}],"wp:featuredmedia":[{"embeddable":true,"href":"https:\/\/www.iyu.plus\/en\/wp-json\/wp\/v2\/media\/55"}],"wp:attachment":[{"href":"https:\/\/www.iyu.plus\/en\/wp-json\/wp\/v2\/media?parent=870"}],"curies":[{"name":"wp","href":"https:\/\/api.w.org\/{rel}","templated":true}]}}