{"id":3,"date":"2023-01-23T15:06:22","date_gmt":"2023-01-23T15:06:22","guid":{"rendered":"https:\/\/www.iyu.plus\/?page_id=3"},"modified":"2025-07-30T12:36:33","modified_gmt":"2025-07-30T10:36:33","slug":"legal-information","status":"publish","type":"page","link":"https:\/\/www.iyu.plus\/en\/mentions-legales\/","title":{"rendered":"Legal information"},"content":{"rendered":"<h2 class=\"wp-block-heading\">Publisher of this website<\/h2>\n\n\n\n<p><strong>IYU Europe<\/strong><br>7 Rue Debelleyme<br>75003 Paris<br>France<\/p>\n\n\n\n<p>IYU Europe (\"IYU\"), a SAS with capital of \u20ac 500,000, registered in the Paris Trade and Companies Register under number 914 354 006, with its registered office at 7 rue Debelleyme 75003 Paris, authorised and supervised by the Autorit\u00e9 de Contr\u00f4le Prudentiel (4 pl de Budapest - 75009 - Paris) under number 17798W, is the publisher of this website.<\/p>\n\n\n\n<p><strong>Director and Publication Manager :<\/strong> Georges FERRE<\/p>\n\n\n\n<p><strong>Webmaster :<\/strong> Stephens TALLA<\/p>\n\n\n\n<h2 class=\"wp-block-heading\">Host<\/h2>\n\n\n\n<p><strong>OVH<\/strong><br>SAS with capital of \u20ac10,174,560<br>Registered office: 2 Rue Kellermann, 59100 Roubaix<\/p>\n\n\n\n<h2 class=\"wp-block-heading\">Terms and conditions of use of this website<\/h2>\n\n\n\n<p>Use of this site is subject to current French regulations and to these conditions of use, which we invite you to consult.<\/p>\n\n\n\n<p>Browsing this site is subject to the regulations in force and to these conditions of use. As the latter are updated regularly, you are invited to consult this page each time you connect to the site. You are informed that everything you see and read on this site is protected by intellectual property law.<\/p>\n\n\n\n<h2 class=\"wp-block-heading\">Intellectual property<\/h2>\n\n\n\n<p>The whole of this site is subject to international legislation on copyright, trademark law and, more generally, intellectual property law concerning both its form and its content. This content is the exclusive property of IYU Europe SAS and any contributors, including its affiliates.<\/p>\n\n\n\n<p>It is forbidden to use this content or to allow anyone else to use it for illegal purposes.<\/p>\n\n\n\n<p>Any reproduction, representation, broadcasting or rebroadcasting, in whole or in part, of the content of this site on any medium or by any process whatsoever, as well as any sale, resale, retransmission or making available to third parties in any way whatsoever, is prohibited. Violation of this prohibition may constitute an act of counterfeiting for which the perpetrator may be held civilly and\/or criminally liable.<\/p>\n\n\n\n<p>IYU Europe declines all responsibility for the content available on other sites mentioning IYU or any company affiliated to IYU which may have been created without its knowledge.<\/p>\n\n\n\n<h2 class=\"wp-block-heading\">Home of other sites<\/h2>\n\n\n\n<p>This site may contain links to other Internet sites. As IYU Europe exercises strict and vigilant control over the selection of sites likely to be hosted, it cannot be held responsible, directly or indirectly, for the content of these sites.<br>indirectly, for any damage caused by their content and the information, advertising or Internet links present on these sites.<\/p>\n\n\n\n<p>IYU Europe reserves the exclusive right, at its sole initiative, to add, refuse or remove without prior notice any icon or link from a list on the website.<\/p>\n\n\n\n<p>Version dated 27 August 2024<\/p>","protected":false},"excerpt":{"rendered":"<p>\u00c9diteur de ce site internet IYU Europe7 Rue Debelleyme75003 ParisFrance IYU Europe (\u00ab IYU \u00bb), SAS au capital de \u20ac 500 000, inscrite au RCS de Paris sous le num\u00e9ro 914 354 006, dont le si\u00e8ge social est au 7 rue Debelleyme 75003 Paris, agr\u00e9\u00e9e et soumise au contr\u00f4le de l&rsquo;Autorit\u00e9 de Contr\u00f4le Prudentiel (4 [&hellip;]<\/p>\n","protected":false},"author":1,"featured_media":55,"parent":0,"menu_order":0,"comment_status":"closed","ping_status":"closed","template":"","meta":{"footnotes":""},"class_list":["post-3","page","type-page","status-publish","has-post-thumbnail","hentry"],"yoast_head":"<!-- This site is optimized with the Yoast SEO plugin v27.4 - https:\/\/yoast.com\/product\/yoast-seo-wordpress\/ -->\n<title>Mentions l\u00e9gales - IYU<\/title>\n<meta name=\"robots\" content=\"index, follow, max-snippet:-1, max-image-preview:large, max-video-preview:-1\" \/>\n<link rel=\"canonical\" href=\"https:\/\/www.iyu.plus\/en\/legal-information\/\" \/>\n<meta property=\"og:locale\" content=\"en_GB\" \/>\n<meta property=\"og:type\" content=\"article\" \/>\n<meta property=\"og:title\" content=\"Mentions l\u00e9gales - IYU\" \/>\n<meta property=\"og:description\" content=\"\u00c9diteur de ce site internet IYU Europe7 Rue Debelleyme75003 ParisFrance IYU Europe (\u00ab IYU \u00bb), SAS au capital de \u20ac 500 000, inscrite au RCS de Paris sous le num\u00e9ro 914 354 006, dont le si\u00e8ge social est au 7 rue Debelleyme 75003 Paris, agr\u00e9\u00e9e et soumise au contr\u00f4le de l&rsquo;Autorit\u00e9 de Contr\u00f4le Prudentiel (4 [&hellip;]\" \/>\n<meta property=\"og:url\" content=\"https:\/\/www.iyu.plus\/en\/legal-information\/\" \/>\n<meta property=\"og:site_name\" content=\"IYU\" \/>\n<meta property=\"article:modified_time\" content=\"2025-07-30T10:36:33+00:00\" \/>\n<meta property=\"og:image\" content=\"https:\/\/www.iyu.plus\/wp-content\/uploads\/2025\/03\/IYU-Banques-partenaires.jpg\" \/>\n\t<meta property=\"og:image:width\" content=\"434\" \/>\n\t<meta property=\"og:image:height\" content=\"369\" \/>\n\t<meta property=\"og:image:type\" content=\"image\/jpeg\" \/>\n<meta name=\"twitter:card\" content=\"summary_large_image\" \/>\n<meta name=\"twitter:label1\" content=\"Estimated reading time\" \/>\n\t<meta name=\"twitter:data1\" content=\"3 minutes\" \/>\n<script type=\"application\/ld+json\" class=\"yoast-schema-graph\">{\"@context\":\"https:\\\/\\\/schema.org\",\"@graph\":[{\"@type\":\"WebPage\",\"@id\":\"https:\\\/\\\/www.iyu.plus\\\/mentions-legales\\\/\",\"url\":\"https:\\\/\\\/www.iyu.plus\\\/mentions-legales\\\/\",\"name\":\"Mentions l\u00e9gales - IYU\",\"isPartOf\":{\"@id\":\"https:\\\/\\\/www.iyu.plus\\\/#website\"},\"primaryImageOfPage\":{\"@id\":\"https:\\\/\\\/www.iyu.plus\\\/mentions-legales\\\/#primaryimage\"},\"image\":{\"@id\":\"https:\\\/\\\/www.iyu.plus\\\/mentions-legales\\\/#primaryimage\"},\"thumbnailUrl\":\"https:\\\/\\\/www.iyu.plus\\\/wp-content\\\/uploads\\\/2025\\\/03\\\/IYU-Banques-partenaires.jpg\",\"datePublished\":\"2023-01-23T15:06:22+00:00\",\"dateModified\":\"2025-07-30T10:36:33+00:00\",\"breadcrumb\":{\"@id\":\"https:\\\/\\\/www.iyu.plus\\\/mentions-legales\\\/#breadcrumb\"},\"inLanguage\":\"en-GB\",\"potentialAction\":[{\"@type\":\"ReadAction\",\"target\":[\"https:\\\/\\\/www.iyu.plus\\\/mentions-legales\\\/\"]}]},{\"@type\":\"ImageObject\",\"inLanguage\":\"en-GB\",\"@id\":\"https:\\\/\\\/www.iyu.plus\\\/mentions-legales\\\/#primaryimage\",\"url\":\"https:\\\/\\\/www.iyu.plus\\\/wp-content\\\/uploads\\\/2025\\\/03\\\/IYU-Banques-partenaires.jpg\",\"contentUrl\":\"https:\\\/\\\/www.iyu.plus\\\/wp-content\\\/uploads\\\/2025\\\/03\\\/IYU-Banques-partenaires.jpg\",\"width\":434,\"height\":369},{\"@type\":\"BreadcrumbList\",\"@id\":\"https:\\\/\\\/www.iyu.plus\\\/mentions-legales\\\/#breadcrumb\",\"itemListElement\":[{\"@type\":\"ListItem\",\"position\":1,\"name\":\"Accueil\",\"item\":\"https:\\\/\\\/www.iyu.plus\\\/\"},{\"@type\":\"ListItem\",\"position\":2,\"name\":\"Mentions l\u00e9gales\"}]},{\"@type\":\"WebSite\",\"@id\":\"https:\\\/\\\/www.iyu.plus\\\/#website\",\"url\":\"https:\\\/\\\/www.iyu.plus\\\/\",\"name\":\"IYU\",\"description\":\"Le lien financier avec votre pays d\u2019attache\",\"publisher\":{\"@id\":\"https:\\\/\\\/www.iyu.plus\\\/#organization\"},\"potentialAction\":[{\"@type\":\"SearchAction\",\"target\":{\"@type\":\"EntryPoint\",\"urlTemplate\":\"https:\\\/\\\/www.iyu.plus\\\/?s={search_term_string}\"},\"query-input\":{\"@type\":\"PropertyValueSpecification\",\"valueRequired\":true,\"valueName\":\"search_term_string\"}}],\"inLanguage\":\"en-GB\"},{\"@type\":\"Organization\",\"@id\":\"https:\\\/\\\/www.iyu.plus\\\/#organization\",\"name\":\"IYU\",\"url\":\"https:\\\/\\\/www.iyu.plus\\\/\",\"logo\":{\"@type\":\"ImageObject\",\"inLanguage\":\"en-GB\",\"@id\":\"https:\\\/\\\/www.iyu.plus\\\/#\\\/schema\\\/logo\\\/image\\\/\",\"url\":\"https:\\\/\\\/www.iyu.plus\\\/wp-content\\\/uploads\\\/2023\\\/01\\\/IYU-logo-couleur.svg\",\"contentUrl\":\"https:\\\/\\\/www.iyu.plus\\\/wp-content\\\/uploads\\\/2023\\\/01\\\/IYU-logo-couleur.svg\",\"width\":113,\"height\":59,\"caption\":\"IYU\"},\"image\":{\"@id\":\"https:\\\/\\\/www.iyu.plus\\\/#\\\/schema\\\/logo\\\/image\\\/\"}}]}<\/script>\n<!-- \/ Yoast SEO plugin. -->","yoast_head_json":{"title":"Legal information - IYU","robots":{"index":"index","follow":"follow","max-snippet":"max-snippet:-1","max-image-preview":"max-image-preview:large","max-video-preview":"max-video-preview:-1"},"canonical":"https:\/\/www.iyu.plus\/en\/legal-information\/","og_locale":"en_GB","og_type":"article","og_title":"Mentions l\u00e9gales - IYU","og_description":"\u00c9diteur de ce site internet IYU Europe7 Rue Debelleyme75003 ParisFrance IYU Europe (\u00ab IYU \u00bb), SAS au capital de \u20ac 500 000, inscrite au RCS de Paris sous le num\u00e9ro 914 354 006, dont le si\u00e8ge social est au 7 rue Debelleyme 75003 Paris, agr\u00e9\u00e9e et soumise au contr\u00f4le de l&rsquo;Autorit\u00e9 de Contr\u00f4le Prudentiel (4 [&hellip;]","og_url":"https:\/\/www.iyu.plus\/en\/legal-information\/","og_site_name":"IYU","article_modified_time":"2025-07-30T10:36:33+00:00","og_image":[{"width":434,"height":369,"url":"https:\/\/www.iyu.plus\/wp-content\/uploads\/2025\/03\/IYU-Banques-partenaires.jpg","type":"image\/jpeg"}],"twitter_card":"summary_large_image","twitter_misc":{"Estimated reading time":"3 minutes"},"schema":{"@context":"https:\/\/schema.org","@graph":[{"@type":"WebPage","@id":"https:\/\/www.iyu.plus\/mentions-legales\/","url":"https:\/\/www.iyu.plus\/mentions-legales\/","name":"Legal information - IYU","isPartOf":{"@id":"https:\/\/www.iyu.plus\/#website"},"primaryImageOfPage":{"@id":"https:\/\/www.iyu.plus\/mentions-legales\/#primaryimage"},"image":{"@id":"https:\/\/www.iyu.plus\/mentions-legales\/#primaryimage"},"thumbnailUrl":"https:\/\/www.iyu.plus\/wp-content\/uploads\/2025\/03\/IYU-Banques-partenaires.jpg","datePublished":"2023-01-23T15:06:22+00:00","dateModified":"2025-07-30T10:36:33+00:00","breadcrumb":{"@id":"https:\/\/www.iyu.plus\/mentions-legales\/#breadcrumb"},"inLanguage":"en-GB","potentialAction":[{"@type":"ReadAction","target":["https:\/\/www.iyu.plus\/mentions-legales\/"]}]},{"@type":"ImageObject","inLanguage":"en-GB","@id":"https:\/\/www.iyu.plus\/mentions-legales\/#primaryimage","url":"https:\/\/www.iyu.plus\/wp-content\/uploads\/2025\/03\/IYU-Banques-partenaires.jpg","contentUrl":"https:\/\/www.iyu.plus\/wp-content\/uploads\/2025\/03\/IYU-Banques-partenaires.jpg","width":434,"height":369},{"@type":"BreadcrumbList","@id":"https:\/\/www.iyu.plus\/mentions-legales\/#breadcrumb","itemListElement":[{"@type":"ListItem","position":1,"name":"Accueil","item":"https:\/\/www.iyu.plus\/"},{"@type":"ListItem","position":2,"name":"Mentions l\u00e9gales"}]},{"@type":"WebSite","@id":"https:\/\/www.iyu.plus\/#website","url":"https:\/\/www.iyu.plus\/","name":"IYU","description":"The financial link with your home country","publisher":{"@id":"https:\/\/www.iyu.plus\/#organization"},"potentialAction":[{"@type":"SearchAction","target":{"@type":"EntryPoint","urlTemplate":"https:\/\/www.iyu.plus\/?s={search_term_string}"},"query-input":{"@type":"PropertyValueSpecification","valueRequired":true,"valueName":"search_term_string"}}],"inLanguage":"en-GB"},{"@type":"Organization","@id":"https:\/\/www.iyu.plus\/#organization","name":"IYU","url":"https:\/\/www.iyu.plus\/","logo":{"@type":"ImageObject","inLanguage":"en-GB","@id":"https:\/\/www.iyu.plus\/#\/schema\/logo\/image\/","url":"https:\/\/www.iyu.plus\/wp-content\/uploads\/2023\/01\/IYU-logo-couleur.svg","contentUrl":"https:\/\/www.iyu.plus\/wp-content\/uploads\/2023\/01\/IYU-logo-couleur.svg","width":113,"height":59,"caption":"IYU"},"image":{"@id":"https:\/\/www.iyu.plus\/#\/schema\/logo\/image\/"}}]}},"_links":{"self":[{"href":"https:\/\/www.iyu.plus\/en\/wp-json\/wp\/v2\/pages\/3","targetHints":{"allow":["GET"]}}],"collection":[{"href":"https:\/\/www.iyu.plus\/en\/wp-json\/wp\/v2\/pages"}],"about":[{"href":"https:\/\/www.iyu.plus\/en\/wp-json\/wp\/v2\/types\/page"}],"author":[{"embeddable":true,"href":"https:\/\/www.iyu.plus\/en\/wp-json\/wp\/v2\/users\/1"}],"replies":[{"embeddable":true,"href":"https:\/\/www.iyu.plus\/en\/wp-json\/wp\/v2\/comments?post=3"}],"version-history":[{"count":0,"href":"https:\/\/www.iyu.plus\/en\/wp-json\/wp\/v2\/pages\/3\/revisions"}],"wp:featuredmedia":[{"embeddable":true,"href":"https:\/\/www.iyu.plus\/en\/wp-json\/wp\/v2\/media\/55"}],"wp:attachment":[{"href":"https:\/\/www.iyu.plus\/en\/wp-json\/wp\/v2\/media?parent=3"}],"curies":[{"name":"wp","href":"https:\/\/api.w.org\/{rel}","templated":true}]}}